{"id":123,"date":"2019-06-05T20:13:34","date_gmt":"2019-06-05T18:13:34","guid":{"rendered":"https:\/\/www.godefroid-harp-competition.be\/wedstrijd-2020\/"},"modified":"2026-01-28T09:42:31","modified_gmt":"2026-01-28T08:42:31","slug":"reglement-nl","status":"publish","type":"page","link":"https:\/\/www.godefroid-harp-competition.be\/nl\/reglement-nl\/","title":{"rendered":"Reglement"},"content":{"rendered":"\n<h2 class=\"wp-block-heading\" id=\"concours-international-de-harpe-felix-godefroid-2021\">Internationale Harpwedstrijd F\u00e9lix Godefroid 2026<\/h2>\n\n\n\n<h3 class=\"wp-block-heading\" id=\"fr_orga\">Artikel 1: Organisatie<\/h3>\n\n\n\n<p>De zogenaamde \u201cInternationale Harpwedstrijd F\u00e9lix Godefroid\u201d editie 2026 vindt plaats <strong>van 29 april tot 3 mei 2026<\/strong>.<\/p>\n\n\n\n<p>De wedstrijd wordt georganiseerd door \u201c <a href=\"https:\/\/harpemosane.be\" target=\"_blank\" rel=\"noopener\">Les Amis de la Harpe Mosane<\/a> \u201d vzw,<br>all\u00e9e des renards 33, 5170 Profondeville.<\/p>\n\n\n\n<h3 class=\"wp-block-heading\" id=\"fr_object\">Artikel 1: Doel<\/h3>\n\n\n\n<p>Ter herdenking van de 100e verjaardag van het overlijden van FELIX GODEFROID en ter promotie van de harp, wordt in DOORNIK de INTERNATIONALE HARPWEDSTRIJD FELIX GODEFROID georganiseerd. In principe vindt deze om de 3 jaar plaats.<\/p>\n\n\n\n<h3 class=\"wp-block-heading\" id=\"fr_admi\">Artikel 2: Toelating<\/h3>\n\n\n\n<p>De wedstrijd is open voor alle harpisten. De kandidaten mogen <strong>maximum 35 jaar<\/strong> zijn op het moment van de wedstrijd.<\/p>\n\n\n\n<h3 class=\"wp-block-heading\" id=\"fr_inscri\">Artikel 3: Inschrijving<\/h3>\n\n\n\n<p>Start inschrijvingen: <strong>1 oktober 2025<\/strong><\/p>\n\n\n\n<p>De uiterste inschrijvingsdatum licht vast:<br><strong>25 maart 2026.<\/strong><\/p>\n\n\n\n<p id=\"droit_part\">Tijdens de inschrijvingsprocedure, wordt er gevraagd inschrijvingsgeld te storten.<\/p>\n\n\n\n<h4 class=\"wp-block-heading\" id=\"montant\">Bedrag<\/h4>\n\n\n\n<p>Bedragen van het inschrijvingsgeld van de wedstrijd wordt als volgt bepaald:<\/p>\n\n\n\n<ul class=\"wp-block-list\">\n<li>60 \u20ac per deelnemer in de categorie\u00ebn \u201cEspoir\u201d en \u201cJeune Talent\u201d<\/li>\n\n\n\n<li>100 \u20ac per deelnemer in de categorie\u00ebn \u201cExcellence\u201d en \u201cSolist\u201d.<\/li>\n<\/ul>\n\n\n\n<h3 class=\"wp-block-heading\" id=\"article-5-accuse-de-reception\">Artikel 4: Ontvangstbevestiging<\/h3>\n\n\n\n<p>Naar elke kandidaat wordt een ontvangstbevestiging gestuurd zodra alle inschrijvingsdocumenten volledig zijn.<\/p>\n\n\n\n<h3 class=\"wp-block-heading\" id=\"fr_cate\"> Artikel 5: Keuze van de categorie<\/h3>\n\n\n\n<p>Kandidaten schrijven zich in \u00e9\u00e9n van de vier categorie\u00ebn in:<\/p>\n\n\n\n<ol class=\"wp-block-list\">\n<li>&#8220;Espoir&#8221; <\/li>\n\n\n\n<li>&#8220;Jeune Talent&#8221;<\/li>\n\n\n\n<li>&#8220;Excellence &#8220;<\/li>\n\n\n\n<li>&#8220;Soliste&#8221; <\/li>\n<\/ol>\n\n\n\n<h3 class=\"wp-block-heading\" id=\"fr_prog\">Artikel 6 : Programma\u2019s<\/h3>\n\n\n\n<h4 class=\"wp-block-heading\" id=\"fr_prog_esp\">  &#8220;Espoir&#8221; : keltische- of pedaal-harp<\/h4>\n\n\n\n<p>Het verplichte stuk is&nbsp;<a href=\"https:\/\/www.godefroid-harp-competition.be\/nl\/verplicht-stuk-categorie-espoirs\/\">\u201cLe reflet de l\u2019insouciance\u201d<\/a>, van Fanny Bodson.<\/p>\n\n\n\n<p>Programma vrij aanvullen met \u00e9\u00e9n of meerdere stukken \u00a0om een programma te bekomen met een totale duur (opgelegd werk inbegrepen) van <strong>minimum 7 minutes <\/strong>en\u00a0<strong>maximum 10 minuten<\/strong>.<\/p>\n\n\n\n<p>Alle werken,dienen uit het hoofd te worden gespeeld.<\/p>\n\n\n\n<h4 class=\"wp-block-heading\" id=\"fr_prog_jt\">&#8220;Jeune Talent&#8221;  : pedaalharp<\/h4>\n\n\n\n<p>Opgelegd werk: <em><strong>een<\/strong> werk te kiezen uit :<\/em><\/p>\n\n\n\n<ul class=\"wp-block-list\">\n<li>La Laura van F\u00e9lix Godefroid (editie naar keuze)<\/li>\n\n\n\n<li>Le D\u00e9sir van F\u00e9lix Godefroid (editie naar keuze)<\/li>\n<\/ul>\n\n\n\n<p>Vul het programma vrij aan met nummers naar keuze om tot een programma te komen met een totale duur van <strong>minimaal 12 minuten<\/strong> en <strong>maximaal 15 minuten<\/strong>.<\/p>\n\n\n\n<p>Alle werken dienen uit het hoofd te worden gespeeld.<\/p>\n\n\n\n<h4 class=\"wp-block-heading\" id=\"fr_prog_ex\">   &#8220;Excellence&#8221; : pedaalharp<\/h4>\n\n\n\n<p><em>2 opgelegde werken<\/em><\/p>\n\n\n\n<ul class=\"wp-block-list\">\n<li>Kies uit de bundel \u201c20 \u00e9tudes M\u00e9lodiques\u201d een van de volgende : studie nr. 15 OF studie nr.18 (1 keuze) <\/li>\n\n\n\n<li><a href=\"https:\/\/bayard-nizet.be\/partitions\/barcarolle-opus-19a\/\" target=\"_blank\" rel=\"noopener\">&#8220;Barcarolle&#8221;<\/a>, Philippe Verkaeren <\/li>\n<\/ul>\n\n\n\n<p>Vul het programma vrij aan met nummers naar keuze om tot een programma te komen met een totale duur van <strong>minimaal 20 minuten<\/strong> en <strong>maximaal 25 minuten<\/strong>.<\/p>\n\n\n\n<p>Alle werken, met uitzondering van de \u201cBarcarolle\u201d van Ph. Verkaeren, dienen uit het hoofd te worden gespeeld.<\/p>\n\n\n\n<h4 class=\"wp-block-heading\" id=\"fr_prog_solo\">  &#8220;Soliste&#8221; : pedaalharp<\/h4>\n\n\n\n<p><strong>Eliminatie ronde<\/strong>:<\/p>\n\n\n\n<ul class=\"wp-block-list\">\n<li>Twee verplichte stukken:\n<ul class=\"wp-block-list\">\n<li><a href=\"https:\/\/www.godefroid-harp-competition.be\/nl\/wedstrijd-programma\/\" data-type=\"link\" data-id=\"https:\/\/www.godefroid-harp-competition.be\/programme-concours\/\">&#8220;Un petit \u00e9cho de fredons&#8221;<\/a>, Claude Ledoux<\/li>\n\n\n\n<li>Kies uit de bundel \u201c20 \u00e9tudes M\u00e9lodiques\u201d een van de volgende : Studie nr.16 OF  Studie nr. 20 (1 keuze)<\/li>\n<\/ul>\n<\/li>\n\n\n\n<li>Vul het programma aan met stukken naar keuze om tot een totale duur van <strong>minimaal 25 minuten<\/strong> en <strong>maximaal 28 minuten<\/strong> te komen.<\/li>\n<\/ul>\n\n\n\n<p>Alle werken, met uitzondering van de \u201cUn petit \u00e9cho de Fredons\u201d van Cl. Ledoux, dienen uit het hoofd te worden gespeeld.<\/p>\n\n\n\n<p><strong>Finale: <\/strong><\/p>\n\n\n\n<ul class=\"wp-block-list\">\n<li>Twee verplichte stukken:\n<ul class=\"wp-block-list\">\n<li>Sacrale en profane dansen van Claude Debussy met begeleiding (nog te bevestigen) van <a href=\"https:\/\/www.chapellemusicaletournai.be\" target=\"_blank\" rel=\"noopener\">Het orkest van de Chapelle musicale van Doornik<\/a><\/li>\n\n\n\n<li>Een stuk van F\u00e9lix Godefroid naar keuze<\/li>\n<\/ul>\n<\/li>\n\n\n\n<li>Vul het programma aan met stukken naar keuze om tot een totale duur van <strong>minimaal 25 minuten<\/strong> en <strong><strong>maximaal 28 minuten<\/strong><\/strong> te komen.<\/li>\n\n\n\n<li><strong>Geen enkel stuk uit de voorronde mag in de finale worden gespeeld. <\/strong><\/li>\n<\/ul>\n\n\n\n<h3 class=\"wp-block-heading\" id=\"fr_instr\">Artikel 7: Instrumenten<\/h3>\n\n\n\n<p>Er worden keltische- en pedaalharpen van het merk CAMAC ter beschikking gesteld van de deelnemers.<\/p>\n\n\n\n<p>De deelnemers kunnen zelf het instrument kiezen waarmee ze de voorgeschreven werken uitvoeren.<br>Zij dat willen kunnen op hun eigen instrument spelen.<\/p>\n\n\n\n<h3 class=\"wp-block-heading\" id=\"fr_prix\">Artikel 8: Prijzen<\/h3>\n\n\n\n<h4 class=\"wp-block-heading\" id=\"categorie-espoir\">Cat\u00e9gorie Espoir <\/h4>\n\n\n\n<ul class=\"wp-block-list\">\n<li>1e prijs: \u20ac 300<\/li>\n\n\n\n<li>2e prijs: \u20ac 200<\/li>\n\n\n\n<li>3e prijs: \u20ac 100<\/li>\n<\/ul>\n\n\n\n<h4 class=\"wp-block-heading\" id=\"categorie-jeune-talent\">Cat\u00e9gorie Jeune Talent <\/h4>\n\n\n\n<ul class=\"wp-block-list\">\n<li>1e prijs: 500 \u20ac<\/li>\n\n\n\n<li>2e prijs: 300 \u20ac<\/li>\n\n\n\n<li>3e prijs: 200 \u20ac<\/li>\n<\/ul>\n\n\n\n<h4 class=\"wp-block-heading\" id=\"categorie-excellence\">Cat\u00e9gorie Excellence<\/h4>\n\n\n\n<ul class=\"wp-block-list\">\n<li>1e prijs : 1500 \u20ac<\/li>\n\n\n\n<li>2e prijs : 1000 \u20ac<\/li>\n\n\n\n<li>3e prijs : 500 \u20ac<\/li>\n<\/ul>\n\n\n\n<h4 class=\"wp-block-heading\" id=\"categorie-soliste\">Cat\u00e9gorie Soliste <\/h4>\n\n\n\n<ul class=\"wp-block-list\">\n<li>1e prijs : 3000 \u20ac<\/li>\n\n\n\n<li>2e prijs :  1500 \u20ac<\/li>\n\n\n\n<li>3e prijs :  1000 \u20ac<\/li>\n<\/ul>\n\n\n\n<h3 class=\"wp-block-heading\" id=\"fr_jury\">Artikel 9: Jury<\/h3>\n\n\n\n<p>De jury wordt samengesteld uit muzikanten en harpisten uit Belgi\u00eb en het buitenland. <\/p>\n\n\n\n<p>Als \u00e9\u00e9n van de juryleden leraar is of was van een kandidaat, mag die deze kandidaat niet quoteren.<\/p>\n\n\n\n<p>Het wel of niet toekennen van een prijs geeft enkel blijk van de appreciatie van de jury. <\/p>\n\n\n\n<p>De beslissingen van de jury zijn onherroepelijk.<\/p>\n\n\n\n<h3 class=\"wp-block-heading\" id=\"fr_divers\">Artikel 10: Verdere inlichtingen<\/h3>\n\n\n\n<p>Kandidaten worden persoonlijk per email opgeroepen. Deze mail bevat de datum, plaats en tijdstip van de uitvoering.<\/p>\n\n\n\n<h3 class=\"wp-block-heading\" id=\"article-12-desistement-annulation\">Artikel 11: Terugtrekking &#8211; Annulering<\/h3>\n\n\n\n<p>Het inschrijvingsgeld wordt door de organisator ingehouden als vergoeding voor de kosten die worden gemaakt door een kandidaat die niet zou deelnemen aan de proef waarvoor hij\/zij zich heeft ingeschreven.<\/p>\n\n\n\n<p>In geval van annulatie van de wedstrijd, zal de organisatie zich beperken tot het terugbetalen van het inschrijvingsgeld.<\/p>\n\n\n\n<h3 class=\"wp-block-heading\" id=\"article-13-partitions\">Artikel 132 Partituren<\/h3>\n\n\n\n<p>Elke kandidaat brengt zelf de originele partituren mee voor de uitvoering van de opgelegde werken. <\/p>\n\n\n\n<p>Mogen we u eraan herinneren dat elk gebruik van kopie\u00ebn verboden is.<\/p>\n\n\n\n<h3 class=\"wp-block-heading\" id=\"article-14-public\">Artikel 13: Publiek<\/h3>\n\n\n\n<p>Alle proeven zijn openbaar met respect voor de sanitaire regels die op dat moment zullen gelden.<\/p>\n\n\n\n<p><b>Indien de sanitaire toestand het niet zou toelaten de wedstrijd in&nbsp;presentieel en met public te organiseren, behouden de organisatoren van de wedstrijd zich het recht om deze in&nbsp;streaming te laten doorgaan.<\/b><\/p>\n\n\n\n<h3 class=\"wp-block-heading\" id=\"article-15-droits-a-l-image\">Article 14 : Beeldrechten<\/h3>\n\n\n\n<p>De kandidaat aanvaardt dat zijn of haar optreden wordt gefotografeerd en gefilmd met het oog op streaming en publicatie ten behoeve van de promotie van het concours Felix Godefroid.<\/p>\n\n\n\n<h3 class=\"wp-block-heading\" id=\"article-16-acceptation\">Artikel 15: Goedkeuring<\/h3>\n\n\n\n<p>Iedere kandidaat of persoon die voor hem\/haar verantwoordelijk is, erkent het huidige reglement gelezen te hebben en te aanvaarden in zijn geheel.<\/p>\n\n\n\n<p>Elke onverwachte onenigheid in het reglement zal uitsluitend aan de jury van de wedstrijd voorgelegd worden. De beslissingen van de jury zijn niet weerlegbaar.<\/p>\n","protected":false},"excerpt":{"rendered":"<p>Internationale Harpwedstrijd F\u00e9lix Godefroid 2026 Artikel 1: Organisatie De zogenaamde \u201cInternationale Harpwedstrijd F\u00e9lix Godefroid\u201d editie 2026 vindt plaats van 29 april tot 3 mei 2026. De wedstrijd wordt georganiseerd door \u201c Les Amis de la Harpe Mosane \u201d vzw,all\u00e9e des renards 33, 5170 Profondeville. Artikel 1: Doel Ter herdenking van de 100e verjaardag van het [&hellip;]<\/p>\n","protected":false},"author":1,"featured_media":0,"parent":0,"menu_order":0,"comment_status":"closed","ping_status":"closed","template":"","meta":{"ocean_post_layout":"","ocean_both_sidebars_style":"","ocean_both_sidebars_content_width":0,"ocean_both_sidebars_sidebars_width":0,"ocean_sidebar":"0","ocean_second_sidebar":"0","ocean_disable_margins":"enable","ocean_add_body_class":"","ocean_shortcode_before_top_bar":"","ocean_shortcode_after_top_bar":"","ocean_shortcode_before_header":"","ocean_shortcode_after_header":"","ocean_has_shortcode":"","ocean_shortcode_after_title":"","ocean_shortcode_before_footer_widgets":"","ocean_shortcode_after_footer_widgets":"","ocean_shortcode_before_footer_bottom":"","ocean_shortcode_after_footer_bottom":"","ocean_display_top_bar":"default","ocean_display_header":"default","ocean_header_style":"","ocean_center_header_left_menu":"0","ocean_custom_header_template":"0","ocean_custom_logo":0,"ocean_custom_retina_logo":0,"ocean_custom_logo_max_width":0,"ocean_custom_logo_tablet_max_width":0,"ocean_custom_logo_mobile_max_width":0,"ocean_custom_logo_max_height":0,"ocean_custom_logo_tablet_max_height":0,"ocean_custom_logo_mobile_max_height":0,"ocean_header_custom_menu":"0","ocean_menu_typo_font_family":"0","ocean_menu_typo_font_subset":"","ocean_menu_typo_font_size":0,"ocean_menu_typo_font_size_tablet":0,"ocean_menu_typo_font_size_mobile":0,"ocean_menu_typo_font_size_unit":"px","ocean_menu_typo_font_weight":"","ocean_menu_typo_font_weight_tablet":"","ocean_menu_typo_font_weight_mobile":"","ocean_menu_typo_transform":"","ocean_menu_typo_transform_tablet":"","ocean_menu_typo_transform_mobile":"","ocean_menu_typo_line_height":0,"ocean_menu_typo_line_height_tablet":0,"ocean_menu_typo_line_height_mobile":0,"ocean_menu_typo_line_height_unit":"","ocean_menu_typo_spacing":0,"ocean_menu_typo_spacing_tablet":0,"ocean_menu_typo_spacing_mobile":0,"ocean_menu_typo_spacing_unit":"","ocean_menu_link_color":"","ocean_menu_link_color_hover":"","ocean_menu_link_color_active":"","ocean_menu_link_background":"","ocean_menu_link_hover_background":"","ocean_menu_link_active_background":"","ocean_menu_social_links_bg":"","ocean_menu_social_hover_links_bg":"","ocean_menu_social_links_color":"","ocean_menu_social_hover_links_color":"","ocean_disable_title":"default","ocean_disable_heading":"default","ocean_post_title":"","ocean_post_subheading":"","ocean_post_title_style":"","ocean_post_title_background_color":"","ocean_post_title_background":0,"ocean_post_title_bg_image_position":"","ocean_post_title_bg_image_attachment":"","ocean_post_title_bg_image_repeat":"","ocean_post_title_bg_image_size":"","ocean_post_title_height":0,"ocean_post_title_bg_overlay":0.5,"ocean_post_title_bg_overlay_color":"","ocean_disable_breadcrumbs":"default","ocean_breadcrumbs_color":"","ocean_breadcrumbs_separator_color":"","ocean_breadcrumbs_links_color":"","ocean_breadcrumbs_links_hover_color":"","ocean_display_footer_widgets":"default","ocean_display_footer_bottom":"default","ocean_custom_footer_template":"0","footnotes":""},"class_list":["post-123","page","type-page","status-publish","hentry","entry"],"jetpack_sharing_enabled":true,"_links":{"self":[{"href":"https:\/\/www.godefroid-harp-competition.be\/nl\/wp-json\/wp\/v2\/pages\/123","targetHints":{"allow":["GET"]}}],"collection":[{"href":"https:\/\/www.godefroid-harp-competition.be\/nl\/wp-json\/wp\/v2\/pages"}],"about":[{"href":"https:\/\/www.godefroid-harp-competition.be\/nl\/wp-json\/wp\/v2\/types\/page"}],"author":[{"embeddable":true,"href":"https:\/\/www.godefroid-harp-competition.be\/nl\/wp-json\/wp\/v2\/users\/1"}],"replies":[{"embeddable":true,"href":"https:\/\/www.godefroid-harp-competition.be\/nl\/wp-json\/wp\/v2\/comments?post=123"}],"version-history":[{"count":184,"href":"https:\/\/www.godefroid-harp-competition.be\/nl\/wp-json\/wp\/v2\/pages\/123\/revisions"}],"predecessor-version":[{"id":8023,"href":"https:\/\/www.godefroid-harp-competition.be\/nl\/wp-json\/wp\/v2\/pages\/123\/revisions\/8023"}],"wp:attachment":[{"href":"https:\/\/www.godefroid-harp-competition.be\/nl\/wp-json\/wp\/v2\/media?parent=123"}],"curies":[{"name":"wp","href":"https:\/\/api.w.org\/{rel}","templated":true}]}}